{"id":476,"date":"2018-02-20T15:28:07","date_gmt":"2018-02-20T15:28:07","guid":{"rendered":"http:\/\/tandem-flight.de\/?page_id=476"},"modified":"2018-02-20T15:28:07","modified_gmt":"2018-02-20T15:28:07","slug":"gaestebuch","status":"publish","type":"page","link":"http:\/\/tandem-flight.de\/?page_id=476","title":{"rendered":"G\u00e4stebuch"},"content":{"rendered":"<div class=\"gwolle-gb\"><div class=\"gwolle_gb_messages_top_container\"><\/div>\n\t\t\t<div class=\"gwolle-gb-write-button\">\n\t\t\t\t<input type=\"button\" name=\"gwolle-gb-write-button\" class=\"button btn btn-default \" value=\"&raquo; Neuen Eintrag schreiben\" \/>\n\t\t\t<\/div>\n\t\t\t<form action=\"#\" method=\"POST\" class=\"gwolle-gb-write gwolle-gb-hide gwolle-gb-float gwolle_gb_form_ajax gwolle-gb-form-ajax\">\n\t\t\t\t<h3>Einen neuen Eintrag f\u00fcr das G\u00e4stebuch schreiben<\/h3>\n\t\t\t\t<button type=\"button\" class=\"gb-notice-dismiss\">x<span class=\"screen-reader-text\">Dieses Formular ausblenden<\/span><\/button>\n\t\t\t\n\t\t\t\t<input type=\"hidden\" name=\"gwolle_gb_function\" class=\"gwolle_gb_function\" value=\"add_entry\" \/><input type=\"hidden\" name=\"gwolle_gb_book_id\" class=\"gwolle_gb_book_id\" value=\"1\" \/><div class=\"gwolle_gb_09fbb55a75bae05bec51b6e5627b9a95\">\n\t\t\t\t<div class=\"label\"><label for=\"gwolle_gb_09fbb55a75bae05bec51b6e5627b9a95\" class=\"text-info\">Name *<\/label><\/div>\n\t\t\t\t<div class=\"input\"><input class=\"wp-exclude-emoji gwolle_gb_09fbb55a75bae05bec51b6e5627b9a95\" value=\"\" type=\"text\" name=\"gwolle_gb_09fbb55a75bae05bec51b6e5627b9a95\" required \/><\/div>\n\t\t\t<\/div>\n\t\t\t<div class=\"clearBoth\">&nbsp;<\/div><div class=\"gwolle_gb_ad4e1c228846533dab403b3bdd0fcd4a\">\n\t\t\t\t\t<div class=\"label\"><label for=\"gwolle_gb_ad4e1c228846533dab403b3bdd0fcd4a\" class=\"text-info\">Ort<\/label><\/div>\n\t\t\t\t\t<div class=\"input\"><input class=\"wp-exclude-emoji gwolle_gb_ad4e1c228846533dab403b3bdd0fcd4a\" value=\"\" type=\"text\" name=\"gwolle_gb_ad4e1c228846533dab403b3bdd0fcd4a\" \/><\/div>\n\t\t\t\t<\/div>\n\t\t\t\t<div class=\"clearBoth\">&nbsp;<\/div><div class=\"gwolle_gb_8e556dd91a944deac284680385c02951\">\n\t\t\t\t<div class=\"label\"><label for=\"gwolle_gb_8e556dd91a944deac284680385c02951\" class=\"text-info\">E-Mail *<\/label><\/div>\n\t\t\t\t<div class=\"input\"><input class=\"gwolle_gb_8e556dd91a944deac284680385c02951\" value=\"\" type=\"text\" name=\"gwolle_gb_8e556dd91a944deac284680385c02951\" required \/><\/div>\n\t\t\t<\/div>\n\t\t\t<div class=\"clearBoth\">&nbsp;<\/div><div class=\"gwolle_gb_576af5467a8bcc53e2ce50bb1223c2b5\">\n\t\t\t\t<div class=\"label\"><label for=\"gwolle_gb_576af5467a8bcc53e2ce50bb1223c2b5\" class=\"text-info\">Website<\/label><\/div>\n\t\t\t\t<div class=\"input\"><input class=\"gwolle_gb_576af5467a8bcc53e2ce50bb1223c2b5\" value=\"\" type=\"text\" name=\"gwolle_gb_576af5467a8bcc53e2ce50bb1223c2b5\" \/><\/div>\n\t\t\t<\/div>\n\t\t\t<div class=\"clearBoth\">&nbsp;<\/div>\n\t\t\t<div class=\"gwolle_gb_f16ef3117726d9bac3e21204aeec8cc0\" style=\"display:none;\">\n\t\t\t\t<div class=\"label\">\n\t\t\t\t\t<label for=\"gwolle_gb_f16ef3117726d9bac3e21204aeec8cc0\" class=\"text-primary\">Hier nichts eingeben<\/label>\n\t\t\t\t\t<label for=\"gwolle_gb_b63e9c45cb01673249042f59187cdff5\" class=\"text-primary\">Hier nichts eingeben<\/label>\n\t\t\t\t<\/div>\n\t\t\t\t<div class=\"input\">\n\t\t\t\t\t<input value=\"26\" type=\"text\" name=\"gwolle_gb_f16ef3117726d9bac3e21204aeec8cc0\" class=\"gwolle_gb_f16ef3117726d9bac3e21204aeec8cc0\" \/>\n\t\t\t\t\t<input value=\"\" type=\"text\" name=\"gwolle_gb_b63e9c45cb01673249042f59187cdff5\" class=\"gwolle_gb_b63e9c45cb01673249042f59187cdff5\" \/>\n\t\t\t\t<\/div>\n\t\t\t<\/div>\n\t\t\t<div class=\"clearBoth\"><\/div>\n\t\t\t<div class=\"gwolle_gb_945313425562aebd0f4d96c50d273750\" style=\"display:none;\">\n\t\t\t\t<div class=\"label\">\n\t\t\t\t\t<label for=\"gwolle_gb_945313425562aebd0f4d96c50d273750\" class=\"text-primary\">Hier nichts eingeben<\/label>\n\t\t\t\t\t<label for=\"gwolle_gb_f45a78f53b2bec6028decc6d2ff487bb\" class=\"text-primary\">Hier nichts eingeben<\/label>\n\t\t\t\t<\/div>\n\t\t\t\t<div class=\"input\">\n\t\t\t\t\t<input value=\"53778\" type=\"text\" name=\"gwolle_gb_945313425562aebd0f4d96c50d273750\" class=\"gwolle_gb_945313425562aebd0f4d96c50d273750\" \/>\n\t\t\t\t\t<input value=\"53778\" type=\"text\" name=\"gwolle_gb_f45a78f53b2bec6028decc6d2ff487bb\" class=\"gwolle_gb_f45a78f53b2bec6028decc6d2ff487bb\" \/>\n\t\t\t\t<\/div>\n\t\t\t<\/div>\n\t\t\t<div class=\"clearBoth\"><\/div><div class=\"gwolle_gb_content\">\n\t\t\t\t<div class=\"label\"><label for=\"gwolle_gb_content\" class=\"text-info\">G\u00e4stebucheintrag *<\/label><\/div>\n\t\t\t\t<div class=\"input\"><textarea name=\"gwolle_gb_content\" class=\"gwolle_gb_content wp-exclude-emoji\" required ><\/textarea><\/div>\n\t\t\t\t<\/div>\n\t\t\t<div class=\"clearBoth\">&nbsp;<\/div><input type=\"hidden\" class=\"gwolle_gb_b5090d1db1bcb9217734217dd772bfd6\" name=\"gwolle_gb_b5090d1db1bcb9217734217dd772bfd6\" value=\"65b4082f46\" \/>\n\t\t\t<div class=\"gwolle_gb_messages_bottom_container\"><\/div>\n\n\t\t\t<noscript><div class=\"no-js\">Warnung: Dieses Formular kann nur verwendet werden, wenn in deinem Browser JavaScript aktiviert ist.<\/div><\/noscript>\n\n\t\t\t<div class=\"gwolle_gb_submit\">\n\t\t\t\t<div class=\"label gwolle-gb-invisible text-muted\">&nbsp;<\/div>\n\t\t\t\t<div class=\"input\">\n\t\t\t\t\t<input type=\"submit\" name=\"gwolle_gb_submit\" class=\"gwolle_gb_submit button btn btn-primary \" value=\"Absenden\" \/>\n\t\t\t\t\t<span class=\"gwolle_gb_submit_ajax_icon\"><\/span>\n\t\t\t\n\t\t\t\t<\/div>\n\t\t\t<\/div>\n\t\t\t<div class=\"clearBoth\">&nbsp;<\/div>\n\n\t\t\t<div class=\"gwolle_gb_notice\">\n\t\t\t\tMit * gekennzeichnete Felder sind Pflichtfelder.<br \/>\r\nDie E-Mail-Adresse wird nicht ver\u00f6ffentlicht.<br \/>\r\nAus Sicherheitsgr\u00fcnden speichern wir die IP-Adresse 216.73.216.254.<br \/>\r\nEs k\u00f6nnte sein, dass der Eintrag im G\u00e4stebuch erst sichtbar ist, nachdem wir ihn gepr\u00fcft haben.<br \/>\r\nWir behalten uns das Recht vor, Eintr\u00e4ge zu bearbeiten, zu l\u00f6schen oder Eintr\u00e4ge nicht zu ver\u00f6ffentlichen.\n\t\t\t<\/div><\/form><div class=\"gwolle-gb-read \" data-book_id=\"1\">(Noch keine Eintr\u00e4ge)<\/div><\/div>\n","protected":false},"excerpt":{"rendered":"","protected":false},"author":1,"featured_media":0,"parent":0,"menu_order":0,"comment_status":"closed","ping_status":"closed","template":"","meta":[],"_links":{"self":[{"href":"http:\/\/tandem-flight.de\/index.php?rest_route=\/wp\/v2\/pages\/476"}],"collection":[{"href":"http:\/\/tandem-flight.de\/index.php?rest_route=\/wp\/v2\/pages"}],"about":[{"href":"http:\/\/tandem-flight.de\/index.php?rest_route=\/wp\/v2\/types\/page"}],"author":[{"embeddable":true,"href":"http:\/\/tandem-flight.de\/index.php?rest_route=\/wp\/v2\/users\/1"}],"replies":[{"embeddable":true,"href":"http:\/\/tandem-flight.de\/index.php?rest_route=%2Fwp%2Fv2%2Fcomments&post=476"}],"version-history":[{"count":1,"href":"http:\/\/tandem-flight.de\/index.php?rest_route=\/wp\/v2\/pages\/476\/revisions"}],"predecessor-version":[{"id":477,"href":"http:\/\/tandem-flight.de\/index.php?rest_route=\/wp\/v2\/pages\/476\/revisions\/477"}],"wp:attachment":[{"href":"http:\/\/tandem-flight.de\/index.php?rest_route=%2Fwp%2Fv2%2Fmedia&parent=476"}],"curies":[{"name":"wp","href":"https:\/\/api.w.org\/{rel}","templated":true}]}}