{"id":630,"date":"2018-06-22T11:36:07","date_gmt":"2018-06-22T11:36:07","guid":{"rendered":"http:\/\/tandem-flight.de\/?page_id=630"},"modified":"2018-06-22T11:36:07","modified_gmt":"2018-06-22T11:36:07","slug":"impressum","status":"publish","type":"page","link":"http:\/\/tandem-flight.de\/?page_id=630","title":{"rendered":"Impressum"},"content":{"rendered":"<div class=\"ce_text g6 col twocolortable block\">\n<h3 style=\"text-align: center;\">Tandem Flight<\/h3>\n<div>\n<table>\n<tbody>\n<tr>\n<td>Gernot Brockmann<\/p>\n<p>Alte Strasse 41<\/p>\n<p>88427 Bad schussenried<\/td>\n<td><\/td>\n<\/tr>\n<tr>\n<td>Office<\/td>\n<td><i class=\"fa fa-phone\"><\/i> +491633956478<\/td>\n<\/tr>\n<tr>\n<td>Tandemanmeldung<\/td>\n<td>+491633956478<\/td>\n<\/tr>\n<tr>\n<td>E-Mail<\/td>\n<td><i class=\"fa fa-mobile\"><\/i>\u00a0info@Tandem-Flight.de<\/td>\n<\/tr>\n<tr>\n<td><\/td>\n<td><\/td>\n<\/tr>\n<\/tbody>\n<\/table>\n<\/div>\n<p>&nbsp;<\/p>\n<p><span style=\"font-family: Montserrat, 'Helvetica Neue', Helvetica, sans-serif; font-size: 1.5em; font-weight: bold; text-transform: uppercase;\">HAFTUNGSAUSCHLUSS<\/span><\/p>\n<\/div>\n<div class=\"ce_text g6 col block\">\n<p>Trotz sorgf\u00e4ltiger inhaltlicher Kontrolle k\u00f6nnen wir keine Haftung f\u00fcr die Inhalte externer Links \u00fcbernehmen. F\u00fcr den Inhalt der verlinkten Seiten sind ausschlie\u00dflich deren Betreiber verantwortlich.<\/p>\n<\/div>\n<div class=\"ce_text g6 col block\">\n<h3>BILDQUELLEN &#8211; COPYRIGHT<\/h3>\n<ul>\n<li>Alle Fotos und Grafiken auf dieser Website unterliegen dem Urheberschutz.<\/li>\n<\/ul>\n<\/div>\n","protected":false},"excerpt":{"rendered":"<p>Tandem Flight Gernot Brockmann Alte Strasse 41 88427 Bad schussenried Office +491633956478 Tandemanmeldung +491633956478 E-Mail \u00a0info@Tandem-Flight.de &nbsp; HAFTUNGSAUSCHLUSS Trotz sorgf\u00e4ltiger inhaltlicher Kontrolle k\u00f6nnen wir keine Haftung f\u00fcr die Inhalte externer Links \u00fcbernehmen. F\u00fcr den Inhalt der verlinkten Seiten sind ausschlie\u00dflich deren Betreiber verantwortlich. BILDQUELLEN &#8211; COPYRIGHT Alle Fotos und Grafiken auf dieser Website unterliegen dem [&hellip;]<\/p>\n","protected":false},"author":1,"featured_media":0,"parent":0,"menu_order":0,"comment_status":"closed","ping_status":"closed","template":"","meta":[],"_links":{"self":[{"href":"http:\/\/tandem-flight.de\/index.php?rest_route=\/wp\/v2\/pages\/630"}],"collection":[{"href":"http:\/\/tandem-flight.de\/index.php?rest_route=\/wp\/v2\/pages"}],"about":[{"href":"http:\/\/tandem-flight.de\/index.php?rest_route=\/wp\/v2\/types\/page"}],"author":[{"embeddable":true,"href":"http:\/\/tandem-flight.de\/index.php?rest_route=\/wp\/v2\/users\/1"}],"replies":[{"embeddable":true,"href":"http:\/\/tandem-flight.de\/index.php?rest_route=%2Fwp%2Fv2%2Fcomments&post=630"}],"version-history":[{"count":2,"href":"http:\/\/tandem-flight.de\/index.php?rest_route=\/wp\/v2\/pages\/630\/revisions"}],"predecessor-version":[{"id":632,"href":"http:\/\/tandem-flight.de\/index.php?rest_route=\/wp\/v2\/pages\/630\/revisions\/632"}],"wp:attachment":[{"href":"http:\/\/tandem-flight.de\/index.php?rest_route=%2Fwp%2Fv2%2Fmedia&parent=630"}],"curies":[{"name":"wp","href":"https:\/\/api.w.org\/{rel}","templated":true}]}}